{"id":9,"date":"2016-04-10T01:02:59","date_gmt":"2016-04-10T01:02:59","guid":{"rendered":"https:\/\/aylwinasociados.cl\/es\/?page_id=9"},"modified":"2020-11-20T15:07:37","modified_gmt":"2020-11-20T18:07:37","slug":"areas-de-especializacion","status":"publish","type":"page","link":"https:\/\/aylwinasociados.cl\/es\/areas-de-especializacion\/","title":{"rendered":"\u00c1reas De Especializaci\u00f3n"},"content":{"rendered":"<div class=\"omsc-accordion\"><br \/>\n<div class=\"omsc-toggle\"><div class=\"omsc-toggle-title\">CONTRATACI\u00d3N EN GENERAL, ASESORIA CORPORATIVA, COMERCIAL, TRIBUTARIA E INVERSI\u00d3N EXTRANJERA<\/div><div class=\"omsc-toggle-inner\"><\/p>\n<p>AYLWIN Y ASOCIADOS ABOGADOS cuenta con una importante experiencia en contrataci\u00f3n entre privados, as\u00ed como con entidades y empresas p\u00fablicas. Asimismo presta servicios en materia de derecho corporativo, comercial y tributario, tanto a personas naturales como jur\u00eddicas, empresas o entidades p\u00fablicas, incluyendo adquisiciones, fusiones, transformaciones y reestructuraciones societarias; planificaci\u00f3n patrimonial y tributaria; financiamiento; gobierno corporativo, compliance y due dilligence; mecanismos de inversi\u00f3n extranjera, repatriaci\u00f3n de capitales y utilidades; normativas cambiarias y de comercio exterior.<\/p>\n<p><\/div><\/div><br \/>\n<div class=\"omsc-toggle\"><div class=\"omsc-toggle-title\">DERECHO CONSTITUCIONAL, ADMINISTRATIVO Y REGULATORIO<\/div><div class=\"omsc-toggle-inner\"><\/p>\n<p>AYLWIN Y ASOCIADOS ABOGADOS posee una destacada trayectoria en materia de derecho constitucional, administrativo y regulatorio, asesorando a entidades p\u00fablicas y privadas. Tiene  experiencia en la asesor\u00eda en materias relacionadas con concesiones  de dominio, concesiones de servicios p\u00fablicos y concesiones y contratos de obras p\u00fablicas y en los diversos procedimientos y actuaciones ante la Administraci\u00f3n, Municipalidades y entidades regulatorias y fiscalizadoras \u2013 solicitudes y reclamaciones \u2013, en los \u00e1mbitos de las telecomunicaciones, servicios sanitarios, derechos de aprovechamiento de aguas, energ\u00eda, obras p\u00fablicas e infraestructura en general, incluidos los temas medioambientales. Asimismo, ha prestado asesor\u00eda jur\u00eddica en importantes licitaciones p\u00fablicas y privadas. Se destaca por su experiencia en materia de regulaci\u00f3n urban\u00edstica y derecho inmobiliario, lo que incluye el dise\u00f1o y ejecuci\u00f3n de proyectos.<\/p>\n<p><\/div><\/div><br \/>\n<div class=\"omsc-toggle\"><div class=\"omsc-toggle-title\">DERECHO PENAL<\/div><div class=\"omsc-toggle-inner\"><\/p>\n<p>AYLWIN Y ASOCIADOS ABOGADOS cuenta con abogados especialistas en derecho penal, brindando una asesor\u00eda integral en prevenci\u00f3n, negociaci\u00f3n y litigaci\u00f3n. Destacamos nuestra experiencia en derecho penal econ\u00f3mico y de la empresa, as\u00ed como en el campo de la responsabilidad penal de los profesionales de la salud. Esta \u00e1rea de pr\u00e1ctica abarca tanto el derecho administrativo sancionatorio como la responsabilidad civil, contractual y extracontractual.<\/p>\n<p><\/div><\/div><br \/>\n<div class=\"omsc-toggle\"><div class=\"omsc-toggle-title\">DERECHO LABORAL<\/div><div class=\"omsc-toggle-inner\"><\/p>\n<p>AYLWIN Y ASOCIADOS ABOGADOS tiene amplia experiencia en contratos de trabajo, su celebraci\u00f3n, terminaci\u00f3n y finiquito; prevenci\u00f3n y soluci\u00f3n de conflictos; contrataci\u00f3n de extranjeros, normas de inmigraci\u00f3n, permisos de trabajo y obtenci\u00f3n de visas; inclusi\u00f3n laboral de personas con discapacidad; derecho colectivo del trabajo, negociaciones y relaciones sindicales; juicios laborales y litigaci\u00f3n laboral<\/p>\n<p><\/div><\/div><br \/>\n<div class=\"omsc-toggle\"><div class=\"omsc-toggle-title\">Asesor\u00eda a Personas Naturales y Familia<\/div><div class=\"omsc-toggle-inner\"><\/p>\n<p>AYLWIN Y ASOCIADOS ABOGADOS presta asesor\u00eda jur\u00eddica integral a las personas naturales, especialmente en materias civiles y comerciales, incluyendo aspectos tributarios, sucesorios y la constituci\u00f3n de sociedades. Asimismo, presta servicios en temas de matrimonio, familia y herencias. Se destaca nuestra experiencia en materia de derechos de las personas con discapacidad.<\/p>\n<p><\/div><\/div><br \/>\n<div class=\"omsc-toggle\"><div class=\"omsc-toggle-title\">Asesor\u00eda a Personas Jur\u00eddicas Sin Fines de Lucro<\/div><div class=\"omsc-toggle-inner\"><\/p>\n<p>AYLWIN Y ASOCIADOS ABOGADOS presta  asesor\u00eda jur\u00eddica a personas jur\u00eddicas y organizaciones sin fines de lucro, desde su constituci\u00f3n y obtenci\u00f3n de la personalidad jur\u00eddica y modificaciones; asesor\u00eda para la formalizaci\u00f3n de donaciones y acceso a beneficios tributarios; celebraci\u00f3n de convenios y contrataci\u00f3n en general.<\/p>\n<p><\/div><\/div><br \/>\n<div class=\"omsc-toggle\"><div class=\"omsc-toggle-title\">Litigaci\u00f3n<\/div><div class=\"omsc-toggle-inner\"><\/p>\n<p>AYLWIN Y ASOCIADOS ABOGADOS cuenta con una reconocida experiencia en litigaci\u00f3n ante tribunales ordinarios, especiales y arbitrales, en materia civil, comercial \u2013 convenios y quiebras-, laboral, tributaria, contencioso administrativo, de contrataci\u00f3n p\u00fablica y legislaci\u00f3n antimonopolio.<\/p>\n<p>Cuenta con socios miembros del cuerpo arbitral del Centro de Arbitraje y Mediaci\u00f3n de la C\u00e1mara de Comercio de Santiago y del Centro Nacional de Arbitrajes.<\/p>\n<p><\/div><\/div><br \/>\n<\/div>\n","protected":false},"excerpt":{"rendered":"","protected":false},"author":1,"featured_media":0,"parent":0,"menu_order":0,"comment_status":"closed","ping_status":"closed","template":"","meta":{"footnotes":""},"class_list":["post-9","page","type-page","status-publish","hentry"],"acf":[],"aioseo_notices":[],"_links":{"self":[{"href":"https:\/\/aylwinasociados.cl\/es\/wp-json\/wp\/v2\/pages\/9","targetHints":{"allow":["GET"]}}],"collection":[{"href":"https:\/\/aylwinasociados.cl\/es\/wp-json\/wp\/v2\/pages"}],"about":[{"href":"https:\/\/aylwinasociados.cl\/es\/wp-json\/wp\/v2\/types\/page"}],"author":[{"embeddable":true,"href":"https:\/\/aylwinasociados.cl\/es\/wp-json\/wp\/v2\/users\/1"}],"replies":[{"embeddable":true,"href":"https:\/\/aylwinasociados.cl\/es\/wp-json\/wp\/v2\/comments?post=9"}],"version-history":[{"count":22,"href":"https:\/\/aylwinasociados.cl\/es\/wp-json\/wp\/v2\/pages\/9\/revisions"}],"predecessor-version":[{"id":388,"href":"https:\/\/aylwinasociados.cl\/es\/wp-json\/wp\/v2\/pages\/9\/revisions\/388"}],"wp:attachment":[{"href":"https:\/\/aylwinasociados.cl\/es\/wp-json\/wp\/v2\/media?parent=9"}],"curies":[{"name":"wp","href":"https:\/\/api.w.org\/{rel}","templated":true}]}}