{"id":71,"date":"2016-04-11T00:35:39","date_gmt":"2016-04-11T03:35:39","guid":{"rendered":"https:\/\/aylwinasociados.cl\/es\/?page_id=71"},"modified":"2016-05-04T19:52:13","modified_gmt":"2016-05-04T22:52:13","slug":"tomas-aylwin-azocar","status":"publish","type":"page","link":"https:\/\/aylwinasociados.cl\/es\/abogados\/tomas-aylwin-azocar\/","title":{"rendered":"Tom\u00e1s Aylwin Azocar"},"content":{"rendered":"<p>Abogado, ex director jur\u00eddico del Ministerio de la Vivienda, asesor jur\u00eddico de la Empresa de agua Potable Lo Castillo, ex socio de Aylwin Abogados. Destacada experiencia en materia de Derecho Municipal; Legislaci\u00f3n de Vivienda, Construcci\u00f3n y\u00a0 Urbanismo; Derecho de aguas y Legislaci\u00f3n sanitaria; Concesiones y Derecho corporativo.<\/p>\n","protected":false},"excerpt":{"rendered":"<p>Abogado, ex director jur\u00eddico del Ministerio de la Vivienda, asesor jur\u00eddico de la Empresa de agua Potable Lo Castillo, ex socio de Aylwin Abogados. Destacada experiencia en materia de Derecho Municipal; Legislaci\u00f3n de Vivienda, Construcci\u00f3n y\u00a0 Urbanismo; Derecho de aguas y Legislaci\u00f3n sanitaria; Concesiones y Derecho corporativo.<\/p>\n","protected":false},"author":1,"featured_media":0,"parent":7,"menu_order":0,"comment_status":"closed","ping_status":"closed","template":"consejero.php","meta":{"footnotes":""},"class_list":["post-71","page","type-page","status-publish","hentry"],"acf":[],"aioseo_notices":[],"_links":{"self":[{"href":"https:\/\/aylwinasociados.cl\/es\/wp-json\/wp\/v2\/pages\/71","targetHints":{"allow":["GET"]}}],"collection":[{"href":"https:\/\/aylwinasociados.cl\/es\/wp-json\/wp\/v2\/pages"}],"about":[{"href":"https:\/\/aylwinasociados.cl\/es\/wp-json\/wp\/v2\/types\/page"}],"author":[{"embeddable":true,"href":"https:\/\/aylwinasociados.cl\/es\/wp-json\/wp\/v2\/users\/1"}],"replies":[{"embeddable":true,"href":"https:\/\/aylwinasociados.cl\/es\/wp-json\/wp\/v2\/comments?post=71"}],"version-history":[{"count":4,"href":"https:\/\/aylwinasociados.cl\/es\/wp-json\/wp\/v2\/pages\/71\/revisions"}],"predecessor-version":[{"id":195,"href":"https:\/\/aylwinasociados.cl\/es\/wp-json\/wp\/v2\/pages\/71\/revisions\/195"}],"up":[{"embeddable":true,"href":"https:\/\/aylwinasociados.cl\/es\/wp-json\/wp\/v2\/pages\/7"}],"wp:attachment":[{"href":"https:\/\/aylwinasociados.cl\/es\/wp-json\/wp\/v2\/media?parent=71"}],"curies":[{"name":"wp","href":"https:\/\/api.w.org\/{rel}","templated":true}]}}