{"id":5,"date":"2016-04-10T00:24:07","date_gmt":"2016-04-10T00:24:07","guid":{"rendered":"https:\/\/aylwinasociados.cl\/es\/?page_id=5"},"modified":"2020-11-20T11:03:00","modified_gmt":"2020-11-20T14:03:00","slug":"nuestro-estudio","status":"publish","type":"page","link":"https:\/\/aylwinasociados.cl\/es\/nuestro-estudio\/","title":{"rendered":"Nuestro Estudio"},"content":{"rendered":"<p>AYLWIN Y ASOCIADOS ABOGADOS es una comunidad de conocimientos integrada por profesionales con una importante experiencia y destacada trayectoria como abogados, que a\u00fanan sus esfuerzos en el compromiso de establecer y mantener relaciones de confianza de largo plazo con sus clientes, acompa\u00f1\u00e1ndolos directa y permanentemente en la determinaci\u00f3n y gesti\u00f3n de sus riesgos y apoy\u00e1ndolos en la concreci\u00f3n de sus proyectos, a trav\u00e9s de soluciones adecuadas, flexibles, innovadoras y modernas en el \u00e1mbito de un derecho en permanente cambio.<\/p>\n<p>Somos profesionales con estudios de pre y postgrado en las m\u00e1s prestigiosas Universidades del pa\u00eds y del extranjero, y desarrollamos actividades acad\u00e9micas, sea como profesores o como alumnos, para renovar en forma permanente los conocimientos y habilidades que entregamos a nuestros clientes.<\/p>\n","protected":false},"excerpt":{"rendered":"<p>AYLWIN Y ASOCIADOS ABOGADOS es una comunidad de conocimientos integrada por profesionales con una importante experiencia y destacada trayectoria como abogados, que a\u00fanan sus esfuerzos en el compromiso de establecer y mantener relaciones de confianza de largo plazo con sus clientes, acompa\u00f1\u00e1ndolos directa y permanentemente en la determinaci\u00f3n y gesti\u00f3n de sus riesgos y apoy\u00e1ndolos [&hellip;]<\/p>\n","protected":false},"author":1,"featured_media":0,"parent":0,"menu_order":0,"comment_status":"closed","ping_status":"closed","template":"","meta":{"footnotes":""},"class_list":["post-5","page","type-page","status-publish","hentry"],"acf":[],"aioseo_notices":[],"_links":{"self":[{"href":"https:\/\/aylwinasociados.cl\/es\/wp-json\/wp\/v2\/pages\/5","targetHints":{"allow":["GET"]}}],"collection":[{"href":"https:\/\/aylwinasociados.cl\/es\/wp-json\/wp\/v2\/pages"}],"about":[{"href":"https:\/\/aylwinasociados.cl\/es\/wp-json\/wp\/v2\/types\/page"}],"author":[{"embeddable":true,"href":"https:\/\/aylwinasociados.cl\/es\/wp-json\/wp\/v2\/users\/1"}],"replies":[{"embeddable":true,"href":"https:\/\/aylwinasociados.cl\/es\/wp-json\/wp\/v2\/comments?post=5"}],"version-history":[{"count":13,"href":"https:\/\/aylwinasociados.cl\/es\/wp-json\/wp\/v2\/pages\/5\/revisions"}],"predecessor-version":[{"id":384,"href":"https:\/\/aylwinasociados.cl\/es\/wp-json\/wp\/v2\/pages\/5\/revisions\/384"}],"wp:attachment":[{"href":"https:\/\/aylwinasociados.cl\/es\/wp-json\/wp\/v2\/media?parent=5"}],"curies":[{"name":"wp","href":"https:\/\/api.w.org\/{rel}","templated":true}]}}